{"id":932,"date":"2025-06-07T22:48:22","date_gmt":"2025-06-07T20:48:22","guid":{"rendered":"https:\/\/akaneyajapan.com\/politica-de-cookies\/"},"modified":"2025-06-24T21:06:29","modified_gmt":"2025-06-24T19:06:29","slug":"politica-de-cookies","status":"publish","type":"page","link":"https:\/\/akaneyajapan.com\/ca\/politica-de-cookies\/","title":{"rendered":"Pol\u00edtica de cookies"},"content":{"rendered":"<p data-start=\"85\" data-end=\"1036\">Aquesta pol\u00edtica de cookies t\u00e9 com a finalitat informar de manera clara i precisa sobre les cookies que s&#8217;utilitzen al nostre lloc web. Utilitzem cookies pr\u00f2pies i de tercers per millorar els nostres serveis, personalitzar el nostre lloc web, facilitar la navegaci\u00f3 dels nostres usuaris, proporcionar-los una millor experi\u00e8ncia en l&#8217;\u00fas del lloc web, identificar problemes per millorar-lo, realitzar mesuraments i estad\u00edstiques d&#8217;\u00fas i mostrar-los publicitat relacionada amb les seves prefer\u00e8ncies mitjan\u00e7ant l&#8217;an\u00e0lisi de l&#8217;\u00fas del lloc web. Els informem que podem utilitzar cookies al seu dispositiu si l&#8217;usuari ha donat el seu consentiment, excepte en els casos en qu\u00e8 les cookies siguin necess\u00e0ries per a la navegaci\u00f3 pel nostre lloc web. En cas que presti el seu consentiment, podrem utilitzar cookies que ens permetin obtenir m\u00e9s informaci\u00f3 sobre les seves prefer\u00e8ncies i personalitzar el nostre lloc web d&#8217;acord amb els seus interessos individuals.<\/p>\n<p data-start=\"1038\" data-end=\"1062\"><strong data-start=\"1038\" data-end=\"1062\">QU\u00c8 S\u00d3N LES COOKIES?<\/strong><\/p>\n<p data-start=\"1064\" data-end=\"1317\">Les cookies i altres tecnologies similars com els objectes compartits locals, flash cookies o p\u00edxels s\u00f3n eines emprades pels servidors web per emmagatzemar i recuperar informaci\u00f3 sobre els seus visitants i per garantir el correcte funcionament del lloc.<\/p>\n<p data-start=\"1319\" data-end=\"1339\"><strong data-start=\"1319\" data-end=\"1339\">TIPUS DE COOKIES<\/strong><\/p>\n<p data-start=\"1341\" data-end=\"1396\"><strong data-start=\"1341\" data-end=\"1396\">Tipus de cookies segons l&#8217;entitat que les gestiona:<\/strong><\/p>\n<ul data-start=\"1398\" data-end=\"2039\">\n<li data-start=\"1398\" data-end=\"1601\">\n<p data-start=\"1400\" data-end=\"1601\"><strong data-start=\"1400\" data-end=\"1420\">Cookies pr\u00f2pies:<\/strong> S\u00f3n aquelles que s&#8217;envien al dispositiu de l&#8217;usuari des d&#8217;un sistema o domini gestionat pel propietari de la p\u00e0gina web i des del qual es presta el servei sol\u00b7licitat per l&#8217;usuari.<\/p>\n<\/li>\n<li data-start=\"1603\" data-end=\"2039\">\n<p data-start=\"1605\" data-end=\"2039\"><strong data-start=\"1605\" data-end=\"1628\">Cookies de tercers:<\/strong> S\u00f3n aquelles que s&#8217;envien al dispositiu de l&#8217;usuari des d&#8217;un sistema o domini que no \u00e9s gestionat pel propietari de la p\u00e0gina web, sin\u00f3 per una altra entitat que tracta les dades obtingudes mitjan\u00e7ant les cookies. A m\u00e9s, si les cookies s&#8217;instal\u00b7len des d&#8217;un sistema gestionat pel propietari del lloc web, per\u00f2 la informaci\u00f3 recollida \u00e9s gestionada per un tercer, tamb\u00e9 es consideraran com a cookies de tercers.<\/p>\n<\/li>\n<\/ul>\n<p data-start=\"2041\" data-end=\"2082\"><strong data-start=\"2041\" data-end=\"2082\">Tipus de cookies segons la finalitat:<\/strong><\/p>\n<ul data-start=\"2084\" data-end=\"4189\">\n<li data-start=\"2084\" data-end=\"2924\">\n<p data-start=\"2086\" data-end=\"2924\"><strong data-start=\"2086\" data-end=\"2108\">Cookies t\u00e8cniques:<\/strong> S\u00f3n aquelles que permeten a l&#8217;usuari navegar per una p\u00e0gina web, plataforma o aplicaci\u00f3 i utilitzar les diferents opcions o serveis disponibles, incloent aquelles que l&#8217;editor utilitza per gestionar i fer funcionar el lloc, com controlar el tr\u00e0nsit i la comunicaci\u00f3 de dades, identificar la sessi\u00f3, accedir a zones restringides, recordar els elements d&#8217;una comanda, realitzar el proc\u00e9s de compra, gestionar el pagament, prevenir frau, gestionar la inscripci\u00f3 o participaci\u00f3 en un esdeveniment, comptar visites per a la facturaci\u00f3 de llic\u00e8ncies de programari del servei, utilitzar elements de seguretat durant la navegaci\u00f3, emmagatzemar contingut per a la difusi\u00f3 de v\u00eddeos o \u00e0udio, habilitar contingut din\u00e0mic (per exemple, animaci\u00f3 de c\u00e0rrega de text o imatge) o compartir contingut a trav\u00e9s de les xarxes socials.<\/p>\n<\/li>\n<li data-start=\"2926\" data-end=\"3168\">\n<p data-start=\"2928\" data-end=\"3168\"><strong data-start=\"2928\" data-end=\"2973\">Cookies de prefer\u00e8ncia o personalitzaci\u00f3:<\/strong> S\u00f3n aquelles que permeten recordar les prefer\u00e8ncies de l&#8217;usuari, com la llengua, el nombre de resultats de cerca, o l&#8217;aparen\u00e7a del servei en funci\u00f3 del tipus de navegador o la regi\u00f3 de l&#8217;usuari.<\/p>\n<\/li>\n<li data-start=\"3170\" data-end=\"3546\">\n<p data-start=\"3172\" data-end=\"3546\"><strong data-start=\"3172\" data-end=\"3203\">Cookies d&#8217;an\u00e0lisi o mesura:<\/strong> S\u00f3n aquelles que permeten a l&#8217;entitat responsable fer el seguiment i l&#8217;an\u00e0lisi del comportament dels usuaris a les p\u00e0gines web als quals estan vinculades, inclosa la quantificaci\u00f3 de l&#8217;impacte dels anuncis. La informaci\u00f3 recollida per aquestes cookies s&#8217;utilitza per millorar els serveis del lloc web en funci\u00f3 de l&#8217;an\u00e0lisi de les dades d&#8217;\u00fas.<\/p>\n<\/li>\n<li data-start=\"3548\" data-end=\"3940\">\n<p data-start=\"3550\" data-end=\"3940\"><strong data-start=\"3550\" data-end=\"3591\">Cookies de publicitat comportamental:<\/strong> S\u00f3n aquelles que permeten gestionar de la manera m\u00e9s efica\u00e7 possible els espais publicitaris d&#8217;un lloc web. Aquestes cookies emmagatzemen informaci\u00f3 sobre el comportament dels usuaris obtinguda mitjan\u00e7ant l&#8217;observaci\u00f3 cont\u00ednua dels seus h\u00e0bits de navegaci\u00f3, permetent desenvolupar un perfil espec\u00edfic per mostrar publicitat basada en aquest perfil.<\/p>\n<\/li>\n<li data-start=\"3942\" data-end=\"4189\">\n<p data-start=\"3944\" data-end=\"4189\"><strong data-start=\"3944\" data-end=\"3975\">Cookies de geolocalitzaci\u00f3:<\/strong> S&#8217;utilitzen per saber en quin lloc es troba un usuari quan sol\u00b7licita un servei. Aquestes cookies s\u00f3n an\u00f2nimes i s&#8217;utilitzen, per exemple, per oferir la informaci\u00f3 adequada segons el pa\u00eds en qu\u00e8 es troba l&#8217;usuari.<\/p>\n<\/li>\n<\/ul>\n<p data-start=\"4191\" data-end=\"4261\"><strong data-start=\"4191\" data-end=\"4261\">Tipus de cookies segons el termini de temps que romanen activades:<\/strong><\/p>\n<ul data-start=\"4263\" data-end=\"4860\">\n<li data-start=\"4263\" data-end=\"4619\">\n<p data-start=\"4265\" data-end=\"4619\"><strong data-start=\"4265\" data-end=\"4287\">Cookies de sessi\u00f3:<\/strong> S\u00f3n aquelles dissenyades per recollir i emmagatzemar dades mentre l&#8217;usuari accedeix a una p\u00e0gina web. S\u00f3n habituals per emmagatzemar informaci\u00f3 que nom\u00e9s \u00e9s necess\u00e0ria per a la prestaci\u00f3 del servei sol\u00b7licitat per l&#8217;usuari en una sola sessi\u00f3 (per exemple, una llista de productes adquirits) i desapareixen quan la sessi\u00f3 finalitza.<\/p>\n<\/li>\n<li data-start=\"4621\" data-end=\"4860\">\n<p data-start=\"4623\" data-end=\"4860\"><strong data-start=\"4623\" data-end=\"4647\">Cookies persistents:<\/strong> S\u00f3n aquelles en qu\u00e8 les dades segueixen emmagatzemades al dispositiu i poden ser accedides i tractades durant un per\u00edode definit pel responsable de la cookie, que pot anar des de pocs minuts fins a diversos anys.<\/p>\n<\/li>\n<\/ul>\n<p data-start=\"4862\" data-end=\"4900\"><strong data-start=\"4862\" data-end=\"4900\">COOKIES UTILITZADES AL NOSTRE LLOC<\/strong><\/p>\n<p data-start=\"4902\" data-end=\"4948\"><strong data-start=\"4902\" data-end=\"4948\">Com desactivar les cookies als navegadors:<\/strong><\/p>\n<p data-start=\"4950\" data-end=\"5131\">L&#8217;usuari pot, en qualsevol moment, permetre, bloquejar o eliminar les cookies instal\u00b7lades al seu dispositiu mitjan\u00e7ant la modificaci\u00f3 dels par\u00e0metres de configuraci\u00f3 del navegador:<\/p>\n<ul data-start=\"5133\" data-end=\"5769\">\n<li data-start=\"5133\" data-end=\"5311\">\n<p data-start=\"5135\" data-end=\"5311\"><strong data-start=\"5135\" data-end=\"5146\">Chrome:<\/strong> Configuraci\u00f3 \u2192 Mostrar opcions avan\u00e7ades \u2192 Privacitat \u2192 Configuraci\u00f3 del contingut. Per a m\u00e9s informaci\u00f3, pot consultar el suport de Google o l&#8217;ajuda del navegador.<\/p>\n<\/li>\n<li data-start=\"5312\" data-end=\"5481\">\n<p data-start=\"5314\" data-end=\"5481\"><strong data-start=\"5314\" data-end=\"5341\">Internet Explorer\/Edge:<\/strong> Eines \u2192 Opcions d&#8217;Internet \u2192 Privacitat \u2192 Configuraci\u00f3. Per a m\u00e9s informaci\u00f3, pot consultar el suport de Microsoft o l&#8217;ajuda del navegador.<\/p>\n<\/li>\n<li data-start=\"5482\" data-end=\"5650\">\n<p data-start=\"5484\" data-end=\"5650\"><strong data-start=\"5484\" data-end=\"5496\">Firefox:<\/strong> Eines \u2192 Opcions \u2192 Privacitat \u2192 Historial \u2192 Configuraci\u00f3 personalitzada. Per a m\u00e9s informaci\u00f3, pot consultar el suport de Mozilla o l&#8217;ajuda del navegador.<\/p>\n<\/li>\n<li data-start=\"5651\" data-end=\"5769\">\n<p data-start=\"5653\" data-end=\"5769\"><strong data-start=\"5653\" data-end=\"5664\">Safari:<\/strong> Prefer\u00e8ncies \u2192 Seguretat. Per a m\u00e9s informaci\u00f3, pot consultar el suport d&#8217;Apple o l&#8217;ajuda del navegador.<\/p>\n<\/li>\n<\/ul>\n<p data-start=\"5771\" data-end=\"5961\">Desactivar les cookies no impedeix la navegaci\u00f3 pel lloc web, tot i que l&#8217;\u00fas d&#8217;alguns dels seus serveis pot estar limitat i, per tant, l&#8217;experi\u00e8ncia de navegaci\u00f3 pot ser menys satisfact\u00f2ria.<\/p>\n<p data-start=\"5963\" data-end=\"5990\"><strong data-start=\"5963\" data-end=\"5990\">RETIRAR EL CONSENTIMENT<\/strong><\/p>\n<p data-start=\"5992\" data-end=\"6624\">L&#8217;usuari pot retirar en qualsevol moment el seu consentiment relacionat amb la Pol\u00edtica de Cookies, i pot eliminar les cookies emmagatzemades al seu dispositiu mitjan\u00e7ant la configuraci\u00f3 del navegador d&#8217;Internet indicat anteriorment, aix\u00ed com accedint al nostre panell de configuraci\u00f3. Aquesta Pol\u00edtica de Cookies es podr\u00e0 modificar quan ho exigeixi la legislaci\u00f3 vigent en cada moment o quan hi hagi alguna variaci\u00f3 en el tipus de cookies utilitzades al lloc web. Per aix\u00f2, li recomanem revisar aquesta pol\u00edtica cada vegada que accedeixi al nostre lloc web per estar degudament informat sobre com i per a qu\u00e8 utilitzem les cookies.<\/p>\n","protected":false},"excerpt":{"rendered":"<p>Aquesta pol\u00edtica de cookies t\u00e9 com a finalitat informar de manera clara i precisa sobre les cookies que s&#8217;utilitzen al nostre lloc web. Utilitzem cookies pr\u00f2pies i de tercers per millorar els nostres serveis, personalitzar el nostre lloc web, facilitar la navegaci\u00f3 dels nostres usuaris, proporcionar-los una millor experi\u00e8ncia en l&#8217;\u00fas del lloc web, identificar [&hellip;]<\/p>\n","protected":false},"author":1,"featured_media":0,"parent":0,"menu_order":0,"comment_status":"closed","ping_status":"closed","template":"","meta":{"_acf_changed":false,"footnotes":""},"class_list":["post-932","page","type-page","status-publish","hentry"],"acf":[],"_links":{"self":[{"href":"https:\/\/akaneyajapan.com\/ca\/wp-json\/wp\/v2\/pages\/932","targetHints":{"allow":["GET"]}}],"collection":[{"href":"https:\/\/akaneyajapan.com\/ca\/wp-json\/wp\/v2\/pages"}],"about":[{"href":"https:\/\/akaneyajapan.com\/ca\/wp-json\/wp\/v2\/types\/page"}],"author":[{"embeddable":true,"href":"https:\/\/akaneyajapan.com\/ca\/wp-json\/wp\/v2\/users\/1"}],"replies":[{"embeddable":true,"href":"https:\/\/akaneyajapan.com\/ca\/wp-json\/wp\/v2\/comments?post=932"}],"version-history":[{"count":2,"href":"https:\/\/akaneyajapan.com\/ca\/wp-json\/wp\/v2\/pages\/932\/revisions"}],"predecessor-version":[{"id":1798,"href":"https:\/\/akaneyajapan.com\/ca\/wp-json\/wp\/v2\/pages\/932\/revisions\/1798"}],"wp:attachment":[{"href":"https:\/\/akaneyajapan.com\/ca\/wp-json\/wp\/v2\/media?parent=932"}],"curies":[{"name":"wp","href":"https:\/\/api.w.org\/{rel}","templated":true}]}}