{"id":936,"date":"2025-06-07T22:47:40","date_gmt":"2025-06-07T20:47:40","guid":{"rendered":"https:\/\/akaneyajapan.com\/politica-de-privacidad\/"},"modified":"2025-06-24T21:23:42","modified_gmt":"2025-06-24T19:23:42","slug":"politica-de-privacidad","status":"publish","type":"page","link":"https:\/\/akaneyajapan.com\/ca\/politica-de-privacidad\/","title":{"rendered":"Pol\u00edtica de privacitat"},"content":{"rendered":"<h3 data-start=\"59\" data-end=\"93\"><strong data-start=\"63\" data-end=\"93\">Responsable del Tractament<\/strong><\/h3>\n<p data-start=\"95\" data-end=\"192\">L\u2019empresa responsable del tractament de les teves dades segons aquesta Pol\u00edtica de Privacitat \u00e9s:<\/p>\n<p data-start=\"194\" data-end=\"479\"><strong data-start=\"194\" data-end=\"217\">GRUPO AKANEYA, S.L.<\/strong><br data-start=\"217\" data-end=\"220\" \/>NIF: B65393795<br data-start=\"234\" data-end=\"237\" \/>Domicili: Rambla Catalunya, 68 \u2013 2n, 08007 Barcelona (Barcelona)<br data-start=\"301\" data-end=\"304\" \/>Correu electr\u00f2nic: <a class=\"cursor-pointer\" rel=\"noopener\" data-start=\"323\" data-end=\"345\">grupoakaneya@gmail.com<\/a><br data-start=\"345\" data-end=\"348\" \/>Web: <a class=\"\" href=\"http:\/\/www.carlotaakaneya.com\" target=\"_new\" rel=\"noopener\" data-start=\"353\" data-end=\"375\">www.carlotaakaneya.com<\/a><br data-start=\"375\" data-end=\"378\" \/>Tel\u00e8fon: 932726843<br data-start=\"396\" data-end=\"399\" \/>Inscrita al Registre Mercantil de Barcelona, Tom 42107, Foli 183, Fulla B-402307<\/p>\n<p data-start=\"481\" data-end=\"699\">A <strong data-start=\"483\" data-end=\"506\">GRUPO AKANEYA, S.L.<\/strong> reconeixem la import\u00e0ncia de protegir la teva informaci\u00f3 personal i ens comprometem a tractar-la amb responsabilitat i de conformitat amb la legislaci\u00f3 vigent en mat\u00e8ria de protecci\u00f3 de dades.<\/p>\n<p data-start=\"701\" data-end=\"918\">Aquesta pol\u00edtica de privacitat regula tots els aspectes relacionats amb el tractament de dades dels diferents usuaris que naveguen o faciliten les seves dades personals mitjan\u00e7ant els diversos formularis del lloc web.<\/p>\n<hr data-start=\"920\" data-end=\"923\" \/>\n<h3 data-start=\"925\" data-end=\"948\"><strong data-start=\"929\" data-end=\"948\">Dades Personals<\/strong><\/h3>\n<p data-start=\"950\" data-end=\"1488\">Una dada personal \u00e9s qualsevol informaci\u00f3 que t\u2019identifica o et fa identificable. A trav\u00e9s del lloc web, recollim dades personals que l\u2019usuari ens comunica en els camps destinats a aquest efecte: nom, cognoms, correu electr\u00f2nic, tel\u00e8fon, adre\u00e7a postal, poblaci\u00f3, etc., aix\u00ed com qualsevol altra informaci\u00f3 que l\u2019usuari proporcioni volunt\u00e0riament a trav\u00e9s de les xarxes socials en qu\u00e8 estigui registrat. En aquest cas, la privacitat dependr\u00e0 de la configuraci\u00f3 establerta per l\u2019usuari i dels termes i condicions propis de cada xarxa social.<\/p>\n<p data-start=\"1490\" data-end=\"1813\">La visita de l\u2019usuari al lloc web no implica que hagi de facilitar informaci\u00f3 sobre les seves dades personals. No obstant aix\u00f2, si decideix fer-ho, les seves dades seran tractades de manera l\u00edcita i d\u2019acord amb els principis i drets reconeguts en el RGPD 2016\/679 de 27 d\u2019abril de 2016 i la LOPDGDD 3\/2018 de 5 de desembre.<\/p>\n<hr data-start=\"1815\" data-end=\"1818\" \/>\n<h3 data-start=\"1820\" data-end=\"1874\"><strong data-start=\"1824\" data-end=\"1874\">Finalitat, durada i legitimaci\u00f3 del tractament<\/strong><\/h3>\n<p data-start=\"1876\" data-end=\"1952\">Les dades facilitades per l\u2019usuari es tractaran amb les finalitats seg\u00fcents:<\/p>\n<ul data-start=\"1954\" data-end=\"2659\">\n<li data-start=\"1954\" data-end=\"2341\">\n<p data-start=\"1956\" data-end=\"2341\"><strong data-start=\"1956\" data-end=\"2001\">Millorar la seva experi\u00e8ncia de navegaci\u00f3<\/strong> al lloc web. Aquestes dades es conservaran mentre l\u2019usuari no revoqui el seu consentiment i durant un per\u00edode m\u00ednim de 3 anys segons la llei. La base jur\u00eddica \u00e9s el consentiment atorgat per l\u2019usuari en acceptar les cookies. L\u2019usuari pot revocar aquest consentiment en qualsevol moment sense que aix\u00f2 afecti la licitud del tractament previ.<\/p>\n<\/li>\n<li data-start=\"2343\" data-end=\"2659\">\n<p data-start=\"2345\" data-end=\"2659\"><strong data-start=\"2345\" data-end=\"2371\">Gestionar les reserves<\/strong> realitzades pels usuaris a trav\u00e9s del formulari de reserves del web. Les dades es conservaran mentre hi hagi una relaci\u00f3 contractual i durant el per\u00edode legal m\u00ednim de 3 anys. Les dades de salut que ens proporcioni seran utilitzades per gestionar al\u00b7l\u00e8rgies o intoler\u00e0ncies aliment\u00e0ries.<\/p>\n<\/li>\n<\/ul>\n<p data-start=\"2661\" data-end=\"2869\">La base legal per al tractament de les reserves \u00e9s l\u2019execuci\u00f3 d\u2019un contracte. Si l\u2019usuari no facilita les seves dades personals, no ser\u00e0 possible gestionar la seva reserva ni prestar-li el servei sol\u00b7licitat.<\/p>\n<hr data-start=\"2871\" data-end=\"2874\" \/>\n<h3 data-start=\"2876\" data-end=\"2945\"><strong data-start=\"2880\" data-end=\"2945\">Cessi\u00f3 o comunicaci\u00f3 de dades i transfer\u00e8ncies internacionals<\/strong><\/h3>\n<p data-start=\"2947\" data-end=\"3121\">Les teves dades no seran comunicades ni cedides a tercers, excepte obligaci\u00f3 legal o quan sigui necessari per a la prestaci\u00f3 de serveis per part d\u2019encarregats del tractament.<\/p>\n<p data-start=\"3123\" data-end=\"3271\">No es preveuen transfer\u00e8ncies internacionals de dades. Si en algun moment es realitzessin, se t\u2019informaria degudament i se\u2019t demanaria consentiment.<\/p>\n<hr data-start=\"3273\" data-end=\"3276\" \/>\n<h3 data-start=\"3278\" data-end=\"3312\"><strong data-start=\"3282\" data-end=\"3312\">Actualitzaci\u00f3 de les dades<\/strong><\/h3>\n<p data-start=\"3314\" data-end=\"3487\">Per mantenir actualitzades les dades personals, \u00e9s important que l\u2019usuari ens comuniqui qualsevol modificaci\u00f3. En cas contrari, no ens fem responsables de la seva veracitat.<\/p>\n<p data-start=\"3489\" data-end=\"3610\">L\u2019usuari garanteix que les dades facilitades s\u00f3n certes, actuals i completes, i es compromet a notificar qualsevol canvi.<\/p>\n<hr data-start=\"3612\" data-end=\"3615\" \/>\n<h3 data-start=\"3617\" data-end=\"3641\"><strong data-start=\"3621\" data-end=\"3641\">Dades de tercers<\/strong><\/h3>\n<p data-start=\"3643\" data-end=\"3829\">Si l\u2019usuari facilita dades de terceres persones, garanteix que les ha obtingudes de forma l\u00edcita, ha informat pr\u00e8viament els afectats i ha obtingut el seu consentiment per comunicar-les.<\/p>\n<hr data-start=\"3831\" data-end=\"3834\" \/>\n<h3 data-start=\"3836\" data-end=\"3893\"><strong data-start=\"3840\" data-end=\"3893\">Car\u00e0cter obligatori de la informaci\u00f3 sol\u00b7licitada<\/strong><\/h3>\n<p data-start=\"3895\" data-end=\"4092\">Tots els nostres formularis indiquen amb un asterisc (*) els camps obligatoris. Si l\u2019usuari no facilita aquestes dades o no accepta la pol\u00edtica de privacitat, no ser\u00e0 possible enviar la informaci\u00f3.<\/p>\n<hr data-start=\"4094\" data-end=\"4097\" \/>\n<h3 data-start=\"4099\" data-end=\"4125\"><strong data-start=\"4103\" data-end=\"4125\">\u00das de contrasenyes<\/strong><\/h3>\n<p data-start=\"4127\" data-end=\"4285\">Per accedir a l\u2019\u00c0rea Privada, l\u2019usuari ha d\u2019\u201cIniciar Sessi\u00f3\u201d amb el seu correu electr\u00f2nic i la contrasenya creada segons els requisits establerts al lloc web.<\/p>\n<p data-start=\"4287\" data-end=\"4461\">L\u2019usuari \u00e9s responsable de custodiar de manera segura els seus identificadors i contrasenyes, i es compromet a no cedir-ne l\u2019\u00fas a tercers ni permetre accessos no autoritzats.<\/p>\n<p data-start=\"4463\" data-end=\"4618\">Aix\u00ed mateix, s\u2019obliga a notificar immediatament qualsevol \u00fas indegut, robatori o p\u00e8rdua d\u2019aquestes credencials per procedir-ne a la cancel\u00b7laci\u00f3 immediata.<\/p>\n<hr data-start=\"4620\" data-end=\"4623\" \/>\n<h3 data-start=\"4625\" data-end=\"4667\"><strong data-start=\"4629\" data-end=\"4667\">Drets de les persones interessades<\/strong><\/h3>\n<p data-start=\"4669\" data-end=\"5047\">Tens dret a accedir a les teves dades personals, obtenir-ne una c\u00f2pia, actualitzar-les o sol\u00b7licitar-ne la rectificaci\u00f3 si s\u00f3n inexactes. Tamb\u00e9 pots sol\u00b7licitar-ne la supressi\u00f3 si ja no s\u00f3n necess\u00e0ries, limitar-ne el tractament, oposar-t\u2019hi o retirar el consentiment. Igualment, pots exercir el dret a la portabilitat de les dades i a no ser objecte de decisions automatitzades.<\/p>\n<p data-start=\"5049\" data-end=\"5199\">Pots exercir aquests drets contactant amb nosaltres a:<br data-start=\"5103\" data-end=\"5106\" \/><strong data-start=\"5106\" data-end=\"5151\">Rambla Catalunya, 68 2n \u2013 08007 Barcelona<\/strong><br data-start=\"5151\" data-end=\"5154\" \/><strong data-start=\"5154\" data-end=\"5175\">Correu electr\u00f2nic<\/strong>: <a class=\"cursor-pointer\" rel=\"noopener\" data-start=\"5177\" data-end=\"5199\">grupoakaneya@gmail.com<\/a><\/p>\n<p data-start=\"5201\" data-end=\"5368\">Si consideres que no s\u2019han respectat els teus drets, pots presentar una reclamaci\u00f3 davant l\u2019Ag\u00e8ncia Espanyola de Protecci\u00f3 de Dades: <a class=\"\" href=\"https:\/\/www.aepd.es\" target=\"_new\" rel=\"noopener\" data-start=\"5334\" data-end=\"5368\">www.aepd.es<\/a><\/p>\n<hr data-start=\"5370\" data-end=\"5373\" \/>\n<h3 data-start=\"5375\" data-end=\"5419\"><strong data-start=\"5379\" data-end=\"5419\">Tractament de dades de menors d\u2019edat<\/strong><\/h3>\n<p data-start=\"5421\" data-end=\"5580\">Qui faciliti dades a trav\u00e9s del web i accepti el seu tractament declara tenir almenys 14 anys. L\u2019acc\u00e9s i \u00fas del portal est\u00e0 prohibit als menors d\u2019aquesta edat.<\/p>\n<p data-start=\"5582\" data-end=\"5853\">Si el Responsable detecta que un menor de 14 anys ha facilitat dades personals, procedirem a cancel\u00b7lar-les immediatament. Els pares o tutors legals poden sol\u00b7licitar en qualsevol moment el bloqueig del compte del menor que s\u2019hagi registrat falsificant la seva identitat.<\/p>\n<hr data-start=\"5855\" data-end=\"5858\" \/>\n<h3 data-start=\"5860\" data-end=\"5889\"><strong data-start=\"5864\" data-end=\"5889\">Tractament de Cookies<\/strong><\/h3>\n<p data-start=\"5891\" data-end=\"6173\">Una cookie \u00e9s un petit fitxer que es descarrega a l\u2019ordinador de l\u2019usuari quan accedeix a una p\u00e0gina web. Les cookies permeten, entre altres coses, emmagatzemar i recuperar informaci\u00f3 sobre els h\u00e0bits de navegaci\u00f3 de l\u2019usuari o del seu equip, i poden utilitzar-se per recon\u00e8ixer-lo.<\/p>\n<p data-start=\"6175\" data-end=\"6325\">L\u2019usuari pot configurar el seu navegador per evitar la generaci\u00f3 de cookies. Pots obtenir m\u00e9s informaci\u00f3 consultant la nostra <strong data-start=\"6301\" data-end=\"6324\">Pol\u00edtica de Cookies<\/strong>.<\/p>\n<hr data-start=\"6327\" data-end=\"6330\" \/>\n<p data-start=\"6332\" data-end=\"6368\"><strong data-start=\"6332\" data-end=\"6368\">Data d\u2019actualitzaci\u00f3: 23\/05\/2019<\/strong><\/p>\n","protected":false},"excerpt":{"rendered":"<p>Responsable del Tractament L\u2019empresa responsable del tractament de les teves dades segons aquesta Pol\u00edtica de Privacitat \u00e9s: GRUPO AKANEYA, S.L.NIF: B65393795Domicili: Rambla Catalunya, 68 \u2013 2n, 08007 Barcelona (Barcelona)Correu electr\u00f2nic: grupoakaneya@gmail.comWeb: www.carlotaakaneya.comTel\u00e8fon: 932726843Inscrita al Registre Mercantil de Barcelona, Tom 42107, Foli 183, Fulla B-402307 A GRUPO AKANEYA, S.L. reconeixem la import\u00e0ncia de protegir la teva [&hellip;]<\/p>\n","protected":false},"author":1,"featured_media":0,"parent":0,"menu_order":0,"comment_status":"closed","ping_status":"closed","template":"","meta":{"_acf_changed":false,"footnotes":""},"class_list":["post-936","page","type-page","status-publish","hentry"],"acf":[],"_links":{"self":[{"href":"https:\/\/akaneyajapan.com\/ca\/wp-json\/wp\/v2\/pages\/936","targetHints":{"allow":["GET"]}}],"collection":[{"href":"https:\/\/akaneyajapan.com\/ca\/wp-json\/wp\/v2\/pages"}],"about":[{"href":"https:\/\/akaneyajapan.com\/ca\/wp-json\/wp\/v2\/types\/page"}],"author":[{"embeddable":true,"href":"https:\/\/akaneyajapan.com\/ca\/wp-json\/wp\/v2\/users\/1"}],"replies":[{"embeddable":true,"href":"https:\/\/akaneyajapan.com\/ca\/wp-json\/wp\/v2\/comments?post=936"}],"version-history":[{"count":2,"href":"https:\/\/akaneyajapan.com\/ca\/wp-json\/wp\/v2\/pages\/936\/revisions"}],"predecessor-version":[{"id":1805,"href":"https:\/\/akaneyajapan.com\/ca\/wp-json\/wp\/v2\/pages\/936\/revisions\/1805"}],"wp:attachment":[{"href":"https:\/\/akaneyajapan.com\/ca\/wp-json\/wp\/v2\/media?parent=936"}],"curies":[{"name":"wp","href":"https:\/\/api.w.org\/{rel}","templated":true}]}}