{"id":940,"date":"2025-06-07T22:47:34","date_gmt":"2025-06-07T20:47:34","guid":{"rendered":"https:\/\/akaneyajapan.com\/aviso-legal\/"},"modified":"2025-06-24T21:12:34","modified_gmt":"2025-06-24T19:12:34","slug":"aviso-legal","status":"publish","type":"page","link":"https:\/\/akaneyajapan.com\/ca\/aviso-legal\/","title":{"rendered":"Av\u00eds legal"},"content":{"rendered":"<h3 data-start=\"60\" data-end=\"124\"><strong data-start=\"64\" data-end=\"124\">LLEI DELS SERVEIS DE LA SOCIETAT DE LA INFORMACI\u00d3 (LSSI)<\/strong><\/h3>\n<p data-start=\"126\" data-end=\"514\">GRUPO AKANEYA, S.L., responsable del lloc web, en endavant RESPONSABLE, posa a disposici\u00f3 dels usuaris el present document, amb el qual pret\u00e9n complir les obligacions establertes a la Llei 34\/2002, de 11 de juliol, de Serveis de la Societat de la Informaci\u00f3 i de Comer\u00e7 Electr\u00f2nic (LSSICE), BOE N\u00b0 166, aix\u00ed com informar tots els usuaris del lloc web sobre quines s\u00f3n les condicions d&#8217;\u00fas.<\/p>\n<p data-start=\"516\" data-end=\"1028\">Tota persona que accedeixi a aquest lloc web assumeix el rol d&#8217;usuari, comprometent-se a observar i complir rigorosament les disposicions aqu\u00ed establertes, aix\u00ed com qualsevol altra disposici\u00f3 legal que sigui aplicable.<br \/>\nGRUPO AKANEYA, S.L. es reserva el dret de modificar qualsevol tipus d&#8217;informaci\u00f3 que pugui apar\u00e8ixer al lloc web, sense que existeixi l&#8217;obligaci\u00f3 de preavisar o posar en coneixement dels usuaris aquestes modificacions, entenent-se suficient amb la publicaci\u00f3 al lloc web de GRUPO AKANEYA, S.L.<\/p>\n<hr data-start=\"1030\" data-end=\"1033\" \/>\n<h3 data-start=\"1035\" data-end=\"1067\"><strong data-start=\"1039\" data-end=\"1067\">1. DADES IDENTIFICATIVES<\/strong><\/h3>\n<p data-start=\"1069\" data-end=\"1407\">Nom de domini: carlotaakaneya.com<br data-start=\"1102\" data-end=\"1105\" \/>Nom comercial: Carlota Akaneya<br data-start=\"1135\" data-end=\"1138\" \/>Denominaci\u00f3 social: GRUPO AKANEYA, S.L.<br data-start=\"1177\" data-end=\"1180\" \/>NIF: B65393795<br data-start=\"1194\" data-end=\"1197\" \/>Domicili social: Rambla Catalunya 68 2o 08007 Barcelona Espanya<br data-start=\"1260\" data-end=\"1263\" \/>Tel\u00e8fon: 932726843<br data-start=\"1281\" data-end=\"1284\" \/>E-mail: <a class=\"cursor-pointer\" rel=\"noopener\" data-start=\"1292\" data-end=\"1314\">grupoakaneya@gmail.com<\/a><br data-start=\"1314\" data-end=\"1317\" \/>Inscrit al registre (Mercantil \/ P\u00fablic): Barcelona, Tom 42107, Full 183, Fulla B-402307<\/p>\n<hr data-start=\"1409\" data-end=\"1412\" \/>\n<h3 data-start=\"1414\" data-end=\"1470\"><strong data-start=\"1418\" data-end=\"1470\">2. DRETS DE PROPIETAT INTEL\u00b7LECTUAL I INDUSTRIAL<\/strong><\/h3>\n<p data-start=\"1472\" data-end=\"1952\">El lloc web, incloent a t\u00edtol enunciatiu per\u00f2 no limitatiu la seva programaci\u00f3, edici\u00f3, compilaci\u00f3 i altres elements necessaris pel seu funcionament, els dissenys, logotips, textos i\/o gr\u00e0fics, s\u00f3n propietat del RESPONSABLE o, si escau, disposa de llic\u00e8ncia o autoritzaci\u00f3 expressa per part dels autors. Tots els continguts del lloc web es troben degudament protegits per la normativa de propietat intel\u00b7lectual i industrial, aix\u00ed com inscrits als registres p\u00fablics corresponents.<\/p>\n<p data-start=\"1954\" data-end=\"2307\">Independentment de la finalitat per la qual fossin destinats, la reproducci\u00f3 total o parcial, \u00fas, explotaci\u00f3, distribuci\u00f3 i comercialitzaci\u00f3, requereix en tot cas l&#8217;autoritzaci\u00f3 escrita pr\u00e8via per part del RESPONSABLE. Qualsevol \u00fas no autoritzat pr\u00e8viament es considera un incompliment greu dels drets de propietat intel\u00b7lectual o industrial de l&#8217;autor.<\/p>\n<p data-start=\"2309\" data-end=\"2735\">Els dissenys, logotips, textos i\/o gr\u00e0fics aliens al RESPONSABLE i que podrien apar\u00e8ixer al lloc web, pertanyen als seus respectius propietaris, essent ells mateixos responsables de qualsevol controv\u00e8rsia que pugui sorgir a aquest respecte. El RESPONSABLE autoritza expressament que tercers puguin redirigir directament als continguts concrets del lloc web i, en tot cas, redirigir al lloc web principal de carlotaakaneya.com.<\/p>\n<p data-start=\"2737\" data-end=\"3023\">El RESPONSABLE reconeix a favor dels titulars els drets corresponents de propietat intel\u00b7lectual i industrial, no implicant la seva menci\u00f3 o aparici\u00f3 al lloc web l&#8217;exist\u00e8ncia de drets o responsabilitat alguna sobre els mateixos, ni suport, patrocinador ni recomanaci\u00f3 per part d&#8217;aquest.<\/p>\n<p data-start=\"3025\" data-end=\"3255\">Per realitzar qualsevol observaci\u00f3 sobre possibles incompliments dels drets de propietat intel\u00b7lectual o industrial, aix\u00ed com sobre qualsevol contingut del lloc web, pot fer-ho a trav\u00e9s del correu electr\u00f2nic <a class=\"cursor-pointer\" rel=\"noopener\" data-start=\"3233\" data-end=\"3254\">grupokaneya@gmail.com<\/a>.<\/p>\n<hr data-start=\"3257\" data-end=\"3260\" \/>\n<h3 data-start=\"3262\" data-end=\"3302\"><strong data-start=\"3266\" data-end=\"3302\">3. EXONERACI\u00d3 DE RESPONSABILITAT<\/strong><\/h3>\n<p data-start=\"3304\" data-end=\"4089\">El RESPONSABLE es declina de qualsevol responsabilitat derivada de la informaci\u00f3 publicada al seu lloc web sempre que aquesta informaci\u00f3 hagi estat manipulada o introdu\u00efda per un tercer ali\u00e8 al mateix.<br data-start=\"3505\" data-end=\"3508\" \/><strong data-start=\"3508\" data-end=\"3525\">\u00das de cookies<\/strong><br data-start=\"3525\" data-end=\"3528\" \/>Aquest lloc web pot utilitzar cookies t\u00e8cniques (petits arxius d&#8217;informaci\u00f3 que el servidor envia a l&#8217;ordinador de qui accedeix a la p\u00e0gina) per dur a terme determinades funcions que es consideren imprescindibles per al correcte funcionament i visualitzaci\u00f3 del lloc. Les cookies utilitzades tenen, en tot cas, car\u00e0cter temporal, amb la \u00fanica finalitat de fer m\u00e9s efica\u00e7 la navegaci\u00f3, i desapareixen al finalitzar la sessi\u00f3 de l&#8217;usuari. En cap cas, aquestes cookies proporcionen per si mateixes dades personals i no es faran servir per a la recollida d&#8217;aquests.<\/p>\n<p data-start=\"4091\" data-end=\"4775\">Mitjan\u00e7ant l&#8217;\u00fas de cookies tamb\u00e9 \u00e9s possible que el servidor on es troba el web reconegui el navegador utilitzat per l&#8217;usuari amb la finalitat que la navegaci\u00f3 sigui m\u00e9s senzilla, permetent, per exemple, l&#8217;acc\u00e9s als usuaris que s&#8217;hagin registrat pr\u00e8viament a les \u00e0rees, serveis, promocions o concursos reservats exclusivament per a ells sense haver-se de registrar a cada visita. Tamb\u00e9 es poden utilitzar per mesurar l&#8217;audi\u00e8ncia, par\u00e0metres de tr\u00e0nsit, controlar el progr\u00e9s i nombre d&#8217;entrades, etc., sent en aquests casos cookies prescindibles t\u00e8cnicament per\u00f2 beneficioses per a l&#8217;usuari. Aquest lloc web no instal\u00b7lar\u00e0 cookies prescindibles sense el consentiment previ de l&#8217;usuari.<\/p>\n<p data-start=\"4777\" data-end=\"5023\">L&#8217;usuari t\u00e9 la possibilitat de configurar el seu navegador per ser alertat de la recepci\u00f3 de cookies i per impedir la seva instal\u00b7laci\u00f3 al seu dispositiu. Si us plau, consulteu les instruccions del vostre navegador per ampliar aquesta informaci\u00f3.<\/p>\n<hr data-start=\"5025\" data-end=\"5028\" \/>\n<h3 data-start=\"5030\" data-end=\"5059\"><strong data-start=\"5034\" data-end=\"5057\">Pol\u00edtica de vincles<\/strong><\/h3>\n<p data-start=\"5060\" data-end=\"5626\">Des del lloc web, \u00e9s possible que es redirigeixi a continguts de llocs web de tercers. At\u00e8s que el RESPONSABLE no pot controlar sempre els continguts introdu\u00efts per tercers als seus respectius llocs web, no assumeix cap responsabilitat sobre aquests continguts. En tot cas, procedir\u00e0 a la retirada immediata de qualsevol contingut que pugui contravenir la legislaci\u00f3 nacional o internacional, la moral o l&#8217;ordre p\u00fablic, procedint a la retirada immediata de la redirecci\u00f3 a aquest lloc web i posant en coneixement de les autoritats competents el contingut en q\u00fcesti\u00f3.<\/p>\n<p data-start=\"5628\" data-end=\"6307\">El RESPONSABLE no es fa responsable de la informaci\u00f3 i els continguts emmagatzemats, a t\u00edtol enunciatiu per\u00f2 no limitatiu, en f\u00f2rums, xats, generadors de blocs, comentaris, xarxes socials o qualsevol altre mitj\u00e0 que permeti a tercers publicar continguts de manera independent al lloc web del RESPONSABLE. No obstant aix\u00f2, i en compliment de la disposici\u00f3 dels articles 11 i 16 de la LSSICE, es posa a disposici\u00f3 de tots els usuaris, autoritats i forces de seguretat, col\u00b7laborant activament en la retirada o, si escau, bloqueig de tots aquells continguts que puguin afectar o contravenir la legislaci\u00f3 nacional o internacional, els drets dels tercers o la moral i l&#8217;ordre p\u00fablic.<\/p>\n<hr data-start=\"6309\" data-end=\"6312\" \/>\n<h3 data-start=\"6314\" data-end=\"6353\"><strong data-start=\"6318\" data-end=\"6353\">4. LLEI APLICABLE I JURISDICCI\u00d3<\/strong><\/h3>\n<p data-start=\"6355\" data-end=\"6564\">La llei aplicable en cas de disputa o conflicte d&#8217;interpretaci\u00f3 dels termes que conformen els textos legals, aix\u00ed com qualsevol q\u00fcesti\u00f3 relacionada amb els serveis del present lloc web, ser\u00e0 la llei espanyola.<\/p>\n<p data-start=\"6566\" data-end=\"6598\">\u00daltima actualitzaci\u00f3: 22\/07\/2022<\/p>\n","protected":false},"excerpt":{"rendered":"<p>LLEI DELS SERVEIS DE LA SOCIETAT DE LA INFORMACI\u00d3 (LSSI) GRUPO AKANEYA, S.L., responsable del lloc web, en endavant RESPONSABLE, posa a disposici\u00f3 dels usuaris el present document, amb el qual pret\u00e9n complir les obligacions establertes a la Llei 34\/2002, de 11 de juliol, de Serveis de la Societat de la Informaci\u00f3 i de Comer\u00e7 [&hellip;]<\/p>\n","protected":false},"author":1,"featured_media":0,"parent":0,"menu_order":0,"comment_status":"closed","ping_status":"closed","template":"","meta":{"_acf_changed":false,"footnotes":""},"class_list":["post-940","page","type-page","status-publish","hentry"],"acf":[],"_links":{"self":[{"href":"https:\/\/akaneyajapan.com\/ca\/wp-json\/wp\/v2\/pages\/940","targetHints":{"allow":["GET"]}}],"collection":[{"href":"https:\/\/akaneyajapan.com\/ca\/wp-json\/wp\/v2\/pages"}],"about":[{"href":"https:\/\/akaneyajapan.com\/ca\/wp-json\/wp\/v2\/types\/page"}],"author":[{"embeddable":true,"href":"https:\/\/akaneyajapan.com\/ca\/wp-json\/wp\/v2\/users\/1"}],"replies":[{"embeddable":true,"href":"https:\/\/akaneyajapan.com\/ca\/wp-json\/wp\/v2\/comments?post=940"}],"version-history":[{"count":2,"href":"https:\/\/akaneyajapan.com\/ca\/wp-json\/wp\/v2\/pages\/940\/revisions"}],"predecessor-version":[{"id":1801,"href":"https:\/\/akaneyajapan.com\/ca\/wp-json\/wp\/v2\/pages\/940\/revisions\/1801"}],"wp:attachment":[{"href":"https:\/\/akaneyajapan.com\/ca\/wp-json\/wp\/v2\/media?parent=940"}],"curies":[{"name":"wp","href":"https:\/\/api.w.org\/{rel}","templated":true}]}}