{"id":934,"date":"2025-06-07T22:48:22","date_gmt":"2025-06-07T20:48:22","guid":{"rendered":"https:\/\/akaneyajapan.com\/politica-de-cookies\/"},"modified":"2025-06-24T21:07:21","modified_gmt":"2025-06-24T19:07:21","slug":"politica-de-cookies","status":"publish","type":"page","link":"https:\/\/akaneyajapan.com\/fr\/politica-de-cookies\/","title":{"rendered":"Politique de cookies"},"content":{"rendered":"<p data-start=\"5431\" data-end=\"6407\">L&#8217;objectif de cette politique de cookies est de vous informer de mani\u00e8re claire et pr\u00e9cise sur les cookies utilis\u00e9s sur notre site web. Nous utilisons des cookies propres et de tiers pour am\u00e9liorer nos services, personnaliser notre site web, faciliter la navigation de nos utilisateurs, leur fournir une meilleure exp\u00e9rience sur le site, identifier les probl\u00e8mes pour am\u00e9liorer le site, effectuer des mesures et des statistiques d&#8217;utilisation et vous afficher des publicit\u00e9s en rapport avec vos pr\u00e9f\u00e9rences gr\u00e2ce \u00e0 l&#8217;analyse de l&#8217;utilisation du site. Nous vous informons que nous pouvons utiliser des cookies sur votre appareil si l&#8217;utilisateur a donn\u00e9 son consentement, sauf dans les cas o\u00f9 les cookies sont n\u00e9cessaires pour la navigation sur notre site web. Si vous donnez votre consentement, nous pourrons utiliser des cookies qui nous permettront de recueillir plus d&#8217;informations sur vos pr\u00e9f\u00e9rences et de personnaliser notre site en fonction de vos int\u00e9r\u00eats individuels.<\/p>\n<p data-start=\"6409\" data-end=\"6434\"><strong data-start=\"6409\" data-end=\"6434\">QUE SONT LES COOKIES?<\/strong><\/p>\n<p data-start=\"6436\" data-end=\"6704\">Les cookies et autres technologies similaires, tels que les objets partag\u00e9s locaux, les flash cookies ou les pixels, sont des outils utilis\u00e9s par les serveurs Web pour stocker et r\u00e9cup\u00e9rer des informations sur leurs visiteurs et garantir le bon fonctionnement du site.<\/p>\n<p data-start=\"6706\" data-end=\"6726\"><strong data-start=\"6706\" data-end=\"6726\">TYPES DE COOKIES<\/strong><\/p>\n<p data-start=\"6728\" data-end=\"6768\"><strong data-start=\"6728\" data-end=\"6768\">Cookies selon l&#8217;entit\u00e9 qui les g\u00e8re:<\/strong><\/p>\n<ul data-start=\"6770\" data-end=\"7452\">\n<li data-start=\"6770\" data-end=\"6988\">\n<p data-start=\"6772\" data-end=\"6988\"><strong data-start=\"6772\" data-end=\"6793\">Cookies propres :<\/strong> Ce sont des cookies envoy\u00e9s \u00e0 l&#8217;appareil de l&#8217;utilisateur depuis un syst\u00e8me ou un domaine g\u00e9r\u00e9 par le propri\u00e9taire du site web et \u00e0 partir duquel le service demand\u00e9 par l&#8217;utilisateur est fourni.<\/p>\n<\/li>\n<li data-start=\"6990\" data-end=\"7452\">\n<p data-start=\"6992\" data-end=\"7452\"><strong data-start=\"6992\" data-end=\"7014\">Cookies de tiers :<\/strong> Ce sont des cookies envoy\u00e9s \u00e0 l&#8217;appareil de l&#8217;utilisateur depuis un syst\u00e8me ou un domaine non g\u00e9r\u00e9 par le propri\u00e9taire du site web, mais par une autre entit\u00e9 qui traite les donn\u00e9es obtenues via les cookies. De plus, si les cookies sont install\u00e9s \u00e0 partir d&#8217;un syst\u00e8me g\u00e9r\u00e9 par le propri\u00e9taire du site web, mais que les informations recueillies sont g\u00e9r\u00e9es par un tiers, ces cookies seront \u00e9galement consid\u00e9r\u00e9s comme des cookies de tiers.<\/p>\n<\/li>\n<\/ul>\n<p data-start=\"7454\" data-end=\"7479\"><strong data-start=\"7454\" data-end=\"7479\">Cookies par finalit\u00e9:<\/strong><\/p>\n<ul data-start=\"7481\" data-end=\"9616\">\n<li data-start=\"7481\" data-end=\"8382\">\n<p data-start=\"7483\" data-end=\"8382\"><strong data-start=\"7483\" data-end=\"7507\">Cookies techniques :<\/strong> Ces cookies permettent \u00e0 l&#8217;utilisateur de naviguer sur un site web, une plateforme ou une application et d&#8217;utiliser les diff\u00e9rentes options ou services disponibles, y compris ceux que l&#8217;\u00e9diteur utilise pour g\u00e9rer et faire fonctionner le site, comme contr\u00f4ler le trafic et la communication des donn\u00e9es, identifier la session, acc\u00e9der \u00e0 des zones restreintes, m\u00e9moriser les \u00e9l\u00e9ments d&#8217;une commande, effectuer le processus d&#8217;achat, g\u00e9rer le paiement, pr\u00e9venir la fraude, g\u00e9rer les inscriptions ou participations \u00e0 des \u00e9v\u00e9nements, compter les visites \u00e0 des fins de facturation des licences des logiciels du service, utiliser des \u00e9l\u00e9ments de s\u00e9curit\u00e9 pendant la navigation, stocker du contenu pour la diffusion de vid\u00e9os ou de sons, activer des contenus dynamiques (par exemple, l&#8217;animation de chargement d&#8217;un texte ou d&#8217;une image) ou partager du contenu via les r\u00e9seaux sociaux.<\/p>\n<\/li>\n<li data-start=\"8384\" data-end=\"8656\">\n<p data-start=\"8386\" data-end=\"8656\"><strong data-start=\"8386\" data-end=\"8436\">Cookies de pr\u00e9f\u00e9rence ou de personnalisation :<\/strong> Ces cookies permettent de se souvenir des pr\u00e9f\u00e9rences de l&#8217;utilisateur, comme la langue, le nombre de r\u00e9sultats de recherche, ou l&#8217;apparence du service en fonction du type de navigateur ou de la r\u00e9gion de l&#8217;utilisateur.<\/p>\n<\/li>\n<li data-start=\"8658\" data-end=\"9030\">\n<p data-start=\"8660\" data-end=\"9030\"><strong data-start=\"8660\" data-end=\"8696\">Cookies d&#8217;analyse ou de mesure :<\/strong> Ces cookies permettent \u00e0 l&#8217;entit\u00e9 responsable de suivre et analyser le comportement des utilisateurs sur les sites web auxquels ils sont li\u00e9s, y compris la quantification des impacts des publicit\u00e9s. Les informations recueillies par ces cookies sont utilis\u00e9es pour am\u00e9liorer les services du site en fonction des donn\u00e9es d&#8217;utilisation.<\/p>\n<\/li>\n<li data-start=\"9032\" data-end=\"9371\">\n<p data-start=\"9034\" data-end=\"9371\"><strong data-start=\"9034\" data-end=\"9076\">Cookies de publicit\u00e9 comportementale :<\/strong> Ces cookies permettent de g\u00e9rer les espaces publicitaires sur un site web. Ces cookies stockent des informations sur le comportement des utilisateurs en observant leurs habitudes de navigation, permettant ainsi de cr\u00e9er un profil sp\u00e9cifique pour afficher des publicit\u00e9s en fonction de celui-ci.<\/p>\n<\/li>\n<li data-start=\"9373\" data-end=\"9616\">\n<p data-start=\"9375\" data-end=\"9616\"><strong data-start=\"9375\" data-end=\"9407\">Cookies de g\u00e9olocalisation :<\/strong> Utilis\u00e9s pour d\u00e9terminer l&#8217;emplacement d&#8217;un utilisateur lorsqu&#8217;il demande un service. Ces cookies sont anonymes et sont utilis\u00e9s pour fournir des informations pertinentes en fonction du pays de l&#8217;utilisateur.<\/p>\n<\/li>\n<\/ul>\n<p data-start=\"9618\" data-end=\"9641\"><strong data-start=\"9618\" data-end=\"9641\">Cookies par dur\u00e9e :<\/strong><\/p>\n<ul data-start=\"9643\" data-end=\"10169\">\n<li data-start=\"9643\" data-end=\"9969\">\n<p data-start=\"9645\" data-end=\"9969\"><strong data-start=\"9645\" data-end=\"9669\">Cookies de session :<\/strong> Ces cookies sont con\u00e7us pour recueillir et stocker des donn\u00e9es pendant que l&#8217;utilisateur est sur un site web. Ils sont utilis\u00e9s pour des informations n\u00e9cessaires uniquement pendant la session de l&#8217;utilisateur (par exemple, une liste d&#8217;articles achet\u00e9s) et disparaissent une fois la session termin\u00e9e.<\/p>\n<\/li>\n<li data-start=\"9971\" data-end=\"10169\">\n<p data-start=\"9973\" data-end=\"10169\"><strong data-start=\"9973\" data-end=\"9998\">Cookies persistants :<\/strong> Ces cookies restent stock\u00e9s sur l&#8217;appareil de l&#8217;utilisateur pour une p\u00e9riode d\u00e9finie par le responsable des cookies, pouvant aller de quelques minutes \u00e0 plusieurs ann\u00e9es.<\/p>\n<\/li>\n<\/ul>\n<p data-start=\"10171\" data-end=\"10206\"><strong data-start=\"10171\" data-end=\"10206\">COOKIES UTILIS\u00c9S SUR NOTRE SITE<\/strong><\/p>\n<p data-start=\"10208\" data-end=\"10265\"><strong data-start=\"10208\" data-end=\"10265\">Comment d\u00e9sactiver les cookies dans les navigateurs :<\/strong><\/p>\n<p data-start=\"10267\" data-end=\"10418\">L&#8217;utilisateur peut \u00e0 tout moment autoriser, bloquer ou supprimer les cookies install\u00e9s sur son appareil en modifiant les param\u00e8tres de son navigateur :<\/p>\n<ul data-start=\"10420\" data-end=\"10676\" data-is-last-node=\"\" data-is-only-node=\"\">\n<li data-start=\"10420\" data-end=\"10604\">\n<p data-start=\"10422\" data-end=\"10604\"><strong data-start=\"10422\" data-end=\"10434\">Chrome :<\/strong> Param\u00e8tres \u2192 Afficher les options avanc\u00e9es \u2192 Confidentialit\u00e9 \u2192 Param\u00e8tres de contenu. Pour plus d&#8217;informations, consultez l&#8217;assistance de Google ou l&#8217;aide du navigateur.<\/p>\n<\/li>\n<li data-start=\"10605\" data-end=\"10676\" data-is-last-node=\"\">\n<p data-start=\"10607\" data-end=\"10676\" data-is-last-node=\"\"><strong data-start=\"10607\" data-end=\"10635\">Internet Explorer\/Edge :<\/strong> Outils \u2192 Options Internet \u2192 Confidential<\/p>\n<\/li>\n<\/ul>\n","protected":false},"excerpt":{"rendered":"<p>L&#8217;objectif de cette politique de cookies est de vous informer de mani\u00e8re claire et pr\u00e9cise sur les cookies utilis\u00e9s sur notre site web. Nous utilisons des cookies propres et de tiers pour am\u00e9liorer nos services, personnaliser notre site web, faciliter la navigation de nos utilisateurs, leur fournir une meilleure exp\u00e9rience sur le site, identifier les [&hellip;]<\/p>\n","protected":false},"author":1,"featured_media":0,"parent":0,"menu_order":0,"comment_status":"closed","ping_status":"closed","template":"","meta":{"_acf_changed":false,"footnotes":""},"class_list":["post-934","page","type-page","status-publish","hentry"],"acf":[],"_links":{"self":[{"href":"https:\/\/akaneyajapan.com\/fr\/wp-json\/wp\/v2\/pages\/934","targetHints":{"allow":["GET"]}}],"collection":[{"href":"https:\/\/akaneyajapan.com\/fr\/wp-json\/wp\/v2\/pages"}],"about":[{"href":"https:\/\/akaneyajapan.com\/fr\/wp-json\/wp\/v2\/types\/page"}],"author":[{"embeddable":true,"href":"https:\/\/akaneyajapan.com\/fr\/wp-json\/wp\/v2\/users\/1"}],"replies":[{"embeddable":true,"href":"https:\/\/akaneyajapan.com\/fr\/wp-json\/wp\/v2\/comments?post=934"}],"version-history":[{"count":2,"href":"https:\/\/akaneyajapan.com\/fr\/wp-json\/wp\/v2\/pages\/934\/revisions"}],"predecessor-version":[{"id":1799,"href":"https:\/\/akaneyajapan.com\/fr\/wp-json\/wp\/v2\/pages\/934\/revisions\/1799"}],"wp:attachment":[{"href":"https:\/\/akaneyajapan.com\/fr\/wp-json\/wp\/v2\/media?parent=934"}],"curies":[{"name":"wp","href":"https:\/\/api.w.org\/{rel}","templated":true}]}}