{"id":942,"date":"2025-06-07T22:47:34","date_gmt":"2025-06-07T20:47:34","guid":{"rendered":"https:\/\/akaneyajapan.com\/aviso-legal\/"},"modified":"2025-06-24T21:11:16","modified_gmt":"2025-06-24T19:11:16","slug":"aviso-legal","status":"publish","type":"page","link":"https:\/\/akaneyajapan.com\/fr\/aviso-legal\/","title":{"rendered":"Avis l\u00e9gal"},"content":{"rendered":"<h3 data-start=\"59\" data-end=\"125\"><strong data-start=\"63\" data-end=\"125\">LOI SUR LES SERVICES DE LA SOCI\u00c9T\u00c9 DE L&#8217;INFORMATION (LSSI)<\/strong><\/h3>\n<p data-start=\"127\" data-end=\"544\">GRUPO AKANEYA, S.L., responsable du site web, ci-apr\u00e8s D\u00c9SIGN\u00c9 COMME &#8220;LE RESPONSABLE&#8221;, met \u00e0 la disposition des utilisateurs le pr\u00e9sent document, dans le but de se conformer aux obligations \u00e9nonc\u00e9es dans la Loi 34\/2002, du 11 juillet, sur les Services de la Soci\u00e9t\u00e9 de l&#8217;Information et le Commerce \u00c9lectronique (LSSICE), BOE N\u00b0 166, ainsi que d&#8217;informer tous les utilisateurs du site web des conditions d&#8217;utilisation.<\/p>\n<p data-start=\"546\" data-end=\"1077\">Toute personne qui acc\u00e8de \u00e0 ce site web assume le r\u00f4le d&#8217;utilisateur, s&#8217;engageant \u00e0 respecter et \u00e0 appliquer rigoureusement les dispositions \u00e9nonc\u00e9es ici, ainsi que toute autre disposition l\u00e9gale applicable.<br \/>\nGRUPO AKANEYA, S.L. se r\u00e9serve le droit de modifier toute information qui pourrait appara\u00eetre sur le site web, sans obligation d&#8217;informer ou de pr\u00e9alablement notifier les utilisateurs de ces modifications, cette notification \u00e9tant consid\u00e9r\u00e9e comme suffisante par la simple publication sur le site web de GRUPO AKANEYA, S.L.<\/p>\n<hr data-start=\"1079\" data-end=\"1082\" \/>\n<h3 data-start=\"1084\" data-end=\"1116\"><strong data-start=\"1088\" data-end=\"1116\">1. DONN\u00c9ES IDENTIFIANTES<\/strong><\/h3>\n<p data-start=\"1118\" data-end=\"1460\">Nom de domaine: carlotaakaneya.com<br data-start=\"1152\" data-end=\"1155\" \/>Nom commercial: Carlota Akaneya<br data-start=\"1186\" data-end=\"1189\" \/>Raison sociale: GRUPO AKANEYA, S.L.<br data-start=\"1224\" data-end=\"1227\" \/>NIF: B65393795<br data-start=\"1241\" data-end=\"1244\" \/>Adresse sociale: Rambla Catalunya 68 2o 08007 Barcelone, Espagne<br data-start=\"1308\" data-end=\"1311\" \/>T\u00e9l\u00e9phone: 932726843<br data-start=\"1331\" data-end=\"1334\" \/>E-mail: <a class=\"cursor-pointer\" rel=\"noopener\" data-start=\"1342\" data-end=\"1364\">grupoakaneya@gmail.com<\/a><br data-start=\"1364\" data-end=\"1367\" \/>Inscrit au Registre (Commercial\/Public): Barcelone, Tome 42107, Folio 183, Feuille B-402307<\/p>\n<hr data-start=\"1462\" data-end=\"1465\" \/>\n<h3 data-start=\"1467\" data-end=\"1528\"><strong data-start=\"1471\" data-end=\"1528\">2. DROITS DE PROPRI\u00c9T\u00c9 INTELLECTUELLE ET INDUSTRIELLE<\/strong><\/h3>\n<p data-start=\"1530\" data-end=\"2030\">Le site web, y compris, \u00e0 titre non exhaustif, sa programmation, \u00e9dition, compilation et autres \u00e9l\u00e9ments n\u00e9cessaires \u00e0 son fonctionnement, ses conceptions, logos, textes et\/ou graphiques, sont la propri\u00e9t\u00e9 du RESPONSABLE ou, le cas \u00e9ch\u00e9ant, disposent d&#8217;une licence ou d&#8217;une autorisation expresse de la part des auteurs. Tous les contenus du site web sont d\u00fbment prot\u00e9g\u00e9s par la l\u00e9gislation sur la propri\u00e9t\u00e9 intellectuelle et industrielle, ainsi que inscrits dans les registres publics correspondants.<\/p>\n<p data-start=\"2032\" data-end=\"2428\">Ind\u00e9pendamment de l&#8217;objectif pour lequel ils ont \u00e9t\u00e9 destin\u00e9s, la reproduction totale ou partielle, l&#8217;utilisation, l&#8217;exploitation, la distribution et la commercialisation n\u00e9cessitent en tout cas l&#8217;autorisation \u00e9crite pr\u00e9alable du RESPONSABLE. Toute utilisation non autoris\u00e9e au pr\u00e9alable est consid\u00e9r\u00e9e comme une violation grave des droits de propri\u00e9t\u00e9 intellectuelle ou industrielle de l&#8217;auteur.<\/p>\n<p data-start=\"2430\" data-end=\"2888\">Les conceptions, logos, textes et\/ou graphiques ext\u00e9rieurs au RESPONSABLE qui pourraient appara\u00eetre sur le site web, appartiennent \u00e0 leurs propri\u00e9taires respectifs, ceux-ci \u00e9tant responsables de toute \u00e9ventuelle controverse pouvant survenir \u00e0 leur sujet. Le RESPONSABLE autorise express\u00e9ment que des tiers puissent rediriger directement vers des contenus sp\u00e9cifiques du site web et, en tout \u00e9tat de cause, rediriger vers le site principal carlotaakaneya.com.<\/p>\n<p data-start=\"2890\" data-end=\"3224\">Le RESPONSABLE reconna\u00eet, en faveur de leurs titulaires, les droits de propri\u00e9t\u00e9 intellectuelle et industrielle correspondants, la simple mention ou apparition sur le site web n&#8217;impliquant pas l&#8217;existence de droits ou de responsabilit\u00e9 quelconque \u00e0 leur \u00e9gard, ni de soutien, de parrainage ou de recommandation de la part de celui-ci.<\/p>\n<p data-start=\"3226\" data-end=\"3460\">Pour toute observation concernant des violations possibles des droits de propri\u00e9t\u00e9 intellectuelle ou industrielle, ou concernant n&#8217;importe quel contenu du site web, vous pouvez nous contacter \u00e0 l&#8217;adresse e-mail <a class=\"cursor-pointer\" rel=\"noopener\" data-start=\"3437\" data-end=\"3459\">grupoakaneya@gmail.com<\/a>.<\/p>\n<hr data-start=\"3462\" data-end=\"3465\" \/>\n<h3 data-start=\"3467\" data-end=\"3507\"><strong data-start=\"3471\" data-end=\"3507\">3. EXON\u00c9RATION DE RESPONSABILIT\u00c9<\/strong><\/h3>\n<p data-start=\"3509\" data-end=\"4286\">Le RESPONSABLE se d\u00e9gage de toute responsabilit\u00e9 li\u00e9e \u00e0 l&#8217;information publi\u00e9e sur son site web dans la mesure o\u00f9 cette information a \u00e9t\u00e9 manipul\u00e9e ou introduite par un tiers ext\u00e9rieur \u00e0 celui-ci.<br data-start=\"3704\" data-end=\"3707\" \/><strong data-start=\"3707\" data-end=\"3734\">Utilisation des cookies<\/strong><br data-start=\"3734\" data-end=\"3737\" \/>Ce site web peut utiliser des cookies techniques (petits fichiers d&#8217;information que le serveur envoie \u00e0 l&#8217;ordinateur de la personne qui acc\u00e8de \u00e0 la page) pour ex\u00e9cuter certaines fonctions jug\u00e9es indispensables au bon fonctionnement et \u00e0 l&#8217;affichage du site. Les cookies utilis\u00e9s ont, en tout cas, un caract\u00e8re temporaire, dans le but unique de rendre la navigation plus efficace, et disparaissent \u00e0 la fin de la session de l&#8217;utilisateur. En aucun cas, ces cookies ne fournissent des donn\u00e9es personnelles et ne seront pas utilis\u00e9s pour les collecter.<\/p>\n<p data-start=\"4288\" data-end=\"4975\">En utilisant des cookies, il est \u00e9galement possible que le serveur du site reconnaisse le navigateur utilis\u00e9 par l&#8217;utilisateur afin de rendre la navigation plus simple, permettant par exemple l&#8217;acc\u00e8s \u00e0 des zones, services, promotions ou concours r\u00e9serv\u00e9s uniquement aux utilisateurs enregistr\u00e9s sans qu&#8217;ils aient \u00e0 s&#8217;enregistrer \u00e0 chaque visite. Ils peuvent \u00e9galement \u00eatre utilis\u00e9s pour mesurer l&#8217;audience, les param\u00e8tres du trafic, contr\u00f4ler les progr\u00e8s et le nombre de visites, etc., \u00e9tant dans ces cas des cookies techniquement inutiles mais b\u00e9n\u00e9fiques pour l&#8217;utilisateur. Ce site web ne mettra pas en place des cookies non n\u00e9cessaires sans le consentement pr\u00e9alable de l&#8217;utilisateur.<\/p>\n<p data-start=\"4977\" data-end=\"5216\">L&#8217;utilisateur a la possibilit\u00e9 de configurer son navigateur pour \u00eatre alert\u00e9 de la r\u00e9ception des cookies et pour en emp\u00eacher l&#8217;installation sur son appareil. Veuillez consulter les instructions de votre navigateur pour plus d&#8217;informations.<\/p>\n<hr data-start=\"5218\" data-end=\"5221\" \/>\n<h3 data-start=\"5223\" data-end=\"5251\"><strong data-start=\"5227\" data-end=\"5249\">Politique de liens<\/strong><\/h3>\n<p data-start=\"5252\" data-end=\"6527\">Depuis le site web, il est possible de rediriger vers des contenus de sites web tiers. \u00c9tant donn\u00e9 que le RESPONSABLE ne peut pas toujours contr\u00f4ler les contenus ajout\u00e9s par des tiers sur leurs sites web respectifs, il d\u00e9cline toute responsabilit\u00e9 concernant ces contenus. En tout \u00e9tat de cause, il proc\u00e9dera \u00e0 la suppression imm\u00e9diate de tout contenu qui pourrait contrevenir \u00e0 la l\u00e9gislation nationale ou internationale, \u00e0 la morale ou \u00e0 l&#8217;ordre public, en proc\u00e9dant \u00e0 la suppression imm\u00e9diate de la redirection vers ce site web et en informant les autorit\u00e9s comp\u00e9tentes du contenu en question.<br data-start=\"5848\" data-end=\"5851\" \/>Le RESPONSABLE ne sera pas responsable des informations et contenus stock\u00e9s, notamment mais sans limitation, sur des forums, chats, g\u00e9n\u00e9rateurs de blogs, commentaires, r\u00e9seaux sociaux ou tout autre moyen permettant \u00e0 des tiers de publier du contenu de mani\u00e8re ind\u00e9pendante sur la page web du RESPONSABLE. Toutefois, en conformit\u00e9 avec les articles 11 et 16 de la LSSICE, il met \u00e0 disposition de tous les utilisateurs, autorit\u00e9s et forces de s\u00e9curit\u00e9, en collaborant activement \u00e0 la suppression ou, le cas \u00e9ch\u00e9ant, au blocage de tous contenus pouvant affecter ou contrevenir \u00e0 la l\u00e9gislation nationale ou internationale, aux droits des tiers ou \u00e0 la morale et \u00e0 l&#8217;ordre public.<\/p>\n<hr data-start=\"6529\" data-end=\"6532\" \/>\n<h3 data-start=\"6534\" data-end=\"6574\"><strong data-start=\"6538\" data-end=\"6574\">4. LOI APPLICABLE ET JURIDICTION<\/strong><\/h3>\n<p data-start=\"6576\" data-end=\"6758\">La loi applicable en cas de litige ou de conflit d&#8217;interpr\u00e9tation des termes des textes l\u00e9gaux, ainsi que toute question relative aux services du pr\u00e9sent site, sera la loi espagnole.<\/p>\n<p data-start=\"6760\" data-end=\"6793\">Derni\u00e8re mise \u00e0 jour : 22\/07\/2022<\/p>\n","protected":false},"excerpt":{"rendered":"<p>LOI SUR LES SERVICES DE LA SOCI\u00c9T\u00c9 DE L&#8217;INFORMATION (LSSI) GRUPO AKANEYA, S.L., responsable du site web, ci-apr\u00e8s D\u00c9SIGN\u00c9 COMME &#8220;LE RESPONSABLE&#8221;, met \u00e0 la disposition des utilisateurs le pr\u00e9sent document, dans le but de se conformer aux obligations \u00e9nonc\u00e9es dans la Loi 34\/2002, du 11 juillet, sur les Services de la Soci\u00e9t\u00e9 de l&#8217;Information [&hellip;]<\/p>\n","protected":false},"author":1,"featured_media":0,"parent":0,"menu_order":0,"comment_status":"closed","ping_status":"closed","template":"","meta":{"_acf_changed":false,"footnotes":""},"class_list":["post-942","page","type-page","status-publish","hentry"],"acf":[],"_links":{"self":[{"href":"https:\/\/akaneyajapan.com\/fr\/wp-json\/wp\/v2\/pages\/942","targetHints":{"allow":["GET"]}}],"collection":[{"href":"https:\/\/akaneyajapan.com\/fr\/wp-json\/wp\/v2\/pages"}],"about":[{"href":"https:\/\/akaneyajapan.com\/fr\/wp-json\/wp\/v2\/types\/page"}],"author":[{"embeddable":true,"href":"https:\/\/akaneyajapan.com\/fr\/wp-json\/wp\/v2\/users\/1"}],"replies":[{"embeddable":true,"href":"https:\/\/akaneyajapan.com\/fr\/wp-json\/wp\/v2\/comments?post=942"}],"version-history":[{"count":2,"href":"https:\/\/akaneyajapan.com\/fr\/wp-json\/wp\/v2\/pages\/942\/revisions"}],"predecessor-version":[{"id":1800,"href":"https:\/\/akaneyajapan.com\/fr\/wp-json\/wp\/v2\/pages\/942\/revisions\/1800"}],"wp:attachment":[{"href":"https:\/\/akaneyajapan.com\/fr\/wp-json\/wp\/v2\/media?parent=942"}],"curies":[{"name":"wp","href":"https:\/\/api.w.org\/{rel}","templated":true}]}}